{"id":41,"date":"2015-02-25T21:10:58","date_gmt":"2015-02-25T21:10:58","guid":{"rendered":"http:\/\/monoxite.com\/?page_id=41"},"modified":"2022-11-14T16:18:48","modified_gmt":"2022-11-14T16:18:48","slug":"reviews","status":"publish","type":"page","link":"https:\/\/monoxite.com\/?page_id=41","title":{"rendered":"reviews."},"content":{"rendered":"<p><b>Peter F. (Intro Magazine &#8211; Heimspiel) in German:<br \/>\n<\/b>&#8220;Manchmal kann man in den eigenen vier W\u00e4nden ein kleines Universum schaffen. Stefan Klaffke ist das mit seinem Homerecording-Projekt MonoXite gelungen. Eine breitbild-kompatible und komplex klingende Landschaft erstreckt sich da vor dem inneren Auge, nur die dreckigen Streuungseffekte mahnen vorsichtig an, dass das alles eine Illusion ist und nicht echt. Eine wunderbar entr\u00fcckte Filmmusik ist das, nur f\u00fcr welchen Film blo\u00df?&#8221;<\/p>\n<p><b>Mark K. (listen.com):<br \/>\n<\/b>&#8220;With the dark ambience of a Brothers Quay film, shimmering guitar echoes cascade like a falling stream into dark waters. Sweet, but sad male and female vocals match the guitars&#8217; vibrant textures&#8221;<\/p>\n<p><b>Ole R. (mp3lounge &#8211; Inter.Net) in German:<\/b><br \/>\n&#8220;1997 gr\u00fcndete Stefan Klaf[f]ke aus N\u00fcrnberg sein &#8220;Home-Recording&#8221; Projekt MonoXite. Die Wortsch\u00f6pfung, eine Mixtur aus dem geruchsneutralen, schleichend giftigen Gas Kohlenmonoxid (Carbonmonoxide) und dem Wortschnipsel Exite (von Excitement!!), beschreibt den fl\u00fcssig bis gasf\u00f6rmigen Aggregatzustand des oft sph\u00e4rischen, musikalischen Grundger\u00fcsts der Arrangements. Down-Tempo Elemente, die einen doch manchmal an legend\u00e4re Bands wie &#8220;Slowdive&#8221; (heute Mojave 3) oder &#8220;Cocteau Twins&#8221; erinnern, verwabern hier mit Aphextwin&#8217;schen Ambient-Grooves. Eines muss allerdings erw\u00e4hnt werden: Die Musik l\u00e4dt nicht gerade zum fr\u00f6hlichen Polka-Tanz auf dem Lande ein &#8211; suizidlieb\u00e4ugelnde Zeitgenossen sollten sich lieber weiterhin &#8220;Dancing under the Moonlight&#8221; von Toploader zu Gem\u00fcte f\u00fchren ;-)&#8221;<\/p>\n","protected":false},"excerpt":{"rendered":"<p>Peter F. (Intro Magazine &#8211; Heimspiel) in German: &#8220;Manchmal kann man in den eigenen vier W\u00e4nden ein kleines Universum schaffen. Stefan Klaffke ist das mit seinem Homerecording-Projekt MonoXite gelungen. Eine breitbild-kompatible und komplex klingende Landschaft erstreckt sich da vor dem inneren Auge, nur die dreckigen Streuungseffekte mahnen vorsichtig an, dass das alles eine Illusion ist [&hellip;]<\/p>\n","protected":false},"author":1,"featured_media":0,"parent":0,"menu_order":0,"comment_status":"closed","ping_status":"closed","template":"","meta":[],"_links":{"self":[{"href":"https:\/\/monoxite.com\/index.php?rest_route=\/wp\/v2\/pages\/41"}],"collection":[{"href":"https:\/\/monoxite.com\/index.php?rest_route=\/wp\/v2\/pages"}],"about":[{"href":"https:\/\/monoxite.com\/index.php?rest_route=\/wp\/v2\/types\/page"}],"author":[{"embeddable":true,"href":"https:\/\/monoxite.com\/index.php?rest_route=\/wp\/v2\/users\/1"}],"replies":[{"embeddable":true,"href":"https:\/\/monoxite.com\/index.php?rest_route=%2Fwp%2Fv2%2Fcomments&post=41"}],"version-history":[{"count":1,"href":"https:\/\/monoxite.com\/index.php?rest_route=\/wp\/v2\/pages\/41\/revisions"}],"predecessor-version":[{"id":42,"href":"https:\/\/monoxite.com\/index.php?rest_route=\/wp\/v2\/pages\/41\/revisions\/42"}],"wp:attachment":[{"href":"https:\/\/monoxite.com\/index.php?rest_route=%2Fwp%2Fv2%2Fmedia&parent=41"}],"curies":[{"name":"wp","href":"https:\/\/api.w.org\/{rel}","templated":true}]}}